{"id":101798,"date":"2024-11-20T18:29:01","date_gmt":"2024-11-20T18:29:01","guid":{"rendered":"https:\/\/content.bengalmeat.com\/?page_id=101798"},"modified":"2024-11-20T18:29:01","modified_gmt":"2024-11-20T18:29:01","slug":"documentnameandversion-xrp-guia-de-staking-2024-4-5-3-117","status":"publish","type":"page","link":"https:\/\/bengalmeat.com\/content\/documentnameandversion-xrp-guia-de-staking-2024-4-5-3-117\/","title":{"rendered":"[documentnameandversion]XRP Gu\u00eda de Staking 2024 4.5.3"},"content":{"rendered":"<h2>Introducci\u00f3n a la Gu\u00eda de Staking XRP 2024 4.5.3<\/h2>\n<p>La <a href='https:\/\/downloadpage.com\/xrp-staking-guide-2024-4.5.3.pdf' target='_blank' rel=\"noopener\">descarga<\/a> de la Gu\u00eda de Staking XRP 2024 4.5.3 proporciona informaci\u00f3n detallada sobre c\u00f3mo llevar a cabo el proceso de staking de XRP de manera efectiva y segura. <\/p>\n<p>Esta gu\u00eda es esencial para cualquier persona interesada en participar en el staking de XRP y aprender m\u00e1s sobre esta emocionante tecnolog\u00eda.<\/p>\n<p><img src='https:\/\/cryptologos.cc\/logos\/xrp-xrp-logo.png' alt='XRP Logo' \/><\/p>\n<p>Descargue la gu\u00eda <a href='https:\/\/downloadpage.com\/xrp-staking-guide-2024-4.5.3.pdf' target='_blank' rel=\"noopener\">aqu\u00ed<\/a>.<\/p>\n","protected":false},"excerpt":{"rendered":"<p>Introducci\u00f3n a la Gu\u00eda de Staking XRP 2024 4.5.3 La descarga de la Gu\u00eda de Staking XRP 2024 4.5.3 proporciona informaci\u00f3n detallada sobre c\u00f3mo llevar a cabo el proceso de staking de XRP de manera efectiva y segura. Esta gu\u00eda es esencial para cualquier persona interesada en participar en el staking de XRP y aprender &hellip;<\/p>\n<p class=\"read-more\"> <a class=\"\" href=\"https:\/\/bengalmeat.com\/content\/documentnameandversion-xrp-guia-de-staking-2024-4-5-3-117\/\"> <span class=\"screen-reader-text\">[documentnameandversion]XRP Gu\u00eda de Staking 2024 4.5.3<\/span> Read More &raquo;<\/a><\/p>\n","protected":false},"author":1,"featured_media":0,"parent":0,"menu_order":0,"comment_status":"closed","ping_status":"closed","template":"","meta":{"site-sidebar-layout":"default","site-content-layout":"default","ast-main-header-display":"","ast-hfb-above-header-display":"","ast-hfb-below-header-display":"","ast-hfb-mobile-header-display":"","site-post-title":"","ast-breadcrumbs-content":"","ast-featured-img":"","footer-sml-layout":"","theme-transparent-header-meta":"","adv-header-id-meta":"","stick-header-meta":"","header-above-stick-meta":"","header-main-stick-meta":"","header-below-stick-meta":"","footnotes":""},"class_list":["post-101798","page","type-page","status-publish","hentry"],"_links":{"self":[{"href":"https:\/\/bengalmeat.com\/content\/wp-json\/wp\/v2\/pages\/101798","targetHints":{"allow":["GET"]}}],"collection":[{"href":"https:\/\/bengalmeat.com\/content\/wp-json\/wp\/v2\/pages"}],"about":[{"href":"https:\/\/bengalmeat.com\/content\/wp-json\/wp\/v2\/types\/page"}],"author":[{"embeddable":true,"href":"https:\/\/bengalmeat.com\/content\/wp-json\/wp\/v2\/users\/1"}],"replies":[{"embeddable":true,"href":"https:\/\/bengalmeat.com\/content\/wp-json\/wp\/v2\/comments?post=101798"}],"version-history":[{"count":1,"href":"https:\/\/bengalmeat.com\/content\/wp-json\/wp\/v2\/pages\/101798\/revisions"}],"predecessor-version":[{"id":101799,"href":"https:\/\/bengalmeat.com\/content\/wp-json\/wp\/v2\/pages\/101798\/revisions\/101799"}],"wp:attachment":[{"href":"https:\/\/bengalmeat.com\/content\/wp-json\/wp\/v2\/media?parent=101798"}],"curies":[{"name":"wp","href":"https:\/\/api.w.org\/{rel}","templated":true}]}}