{"id":101306,"date":"2024-11-20T18:20:29","date_gmt":"2024-11-20T18:20:29","guid":{"rendered":"https:\/\/content.bengalmeat.com\/?page_id=101306"},"modified":"2024-11-20T18:20:29","modified_gmt":"2024-11-20T18:20:29","slug":"monero-ico-ido-ieo-guia-2024-2-8-9-informacion-completa-y-descarga-103","status":"publish","type":"page","link":"https:\/\/bengalmeat.com\/content\/monero-ico-ido-ieo-guia-2024-2-8-9-informacion-completa-y-descarga-103\/","title":{"rendered":"Monero ICO\/IDO\/IEO Gu\u00eda 2024 2.8.9 &#8211; Informaci\u00f3n Completa y Descarga"},"content":{"rendered":"<h1>Monero ICO\/IDO\/IEO Gu\u00eda 2024 2.8.9<\/h1>\n<p><img src='https:\/\/cryptologos.cc\/logos\/monero-xmr-logo.png' alt='Monero Logo'><\/p>\n<p>La <strong>Gu\u00eda Monero ICO\/IDO\/IEO 2024 2.8.9<\/strong> es un documento detallado que proporciona informaci\u00f3n crucial sobre Monero y las Ofertas Iniciales de Monedas (ICO), Ofertas Iniciales de D\u00f3lares (IDO) y Ofertas Iniciales de Exchange (IEO).<\/p>\n<p>Descargue la gu\u00eda <a href='https:\/\/downloadpage.com\/monero-ico-ido-ieo-guide-2024-2-8-9.pdf'>aqu\u00ed<\/a>.<\/p>\n","protected":false},"excerpt":{"rendered":"<p>Monero ICO\/IDO\/IEO Gu\u00eda 2024 2.8.9 La Gu\u00eda Monero ICO\/IDO\/IEO 2024 2.8.9 es un documento detallado que proporciona informaci\u00f3n crucial sobre Monero y las Ofertas Iniciales de Monedas (ICO), Ofertas Iniciales de D\u00f3lares (IDO) y Ofertas Iniciales de Exchange (IEO). Descargue la gu\u00eda aqu\u00ed.<\/p>\n","protected":false},"author":1,"featured_media":0,"parent":0,"menu_order":0,"comment_status":"closed","ping_status":"closed","template":"","meta":{"site-sidebar-layout":"default","site-content-layout":"default","ast-main-header-display":"","ast-hfb-above-header-display":"","ast-hfb-below-header-display":"","ast-hfb-mobile-header-display":"","site-post-title":"","ast-breadcrumbs-content":"","ast-featured-img":"","footer-sml-layout":"","theme-transparent-header-meta":"","adv-header-id-meta":"","stick-header-meta":"","header-above-stick-meta":"","header-main-stick-meta":"","header-below-stick-meta":"","footnotes":""},"class_list":["post-101306","page","type-page","status-publish","hentry"],"_links":{"self":[{"href":"https:\/\/bengalmeat.com\/content\/wp-json\/wp\/v2\/pages\/101306","targetHints":{"allow":["GET"]}}],"collection":[{"href":"https:\/\/bengalmeat.com\/content\/wp-json\/wp\/v2\/pages"}],"about":[{"href":"https:\/\/bengalmeat.com\/content\/wp-json\/wp\/v2\/types\/page"}],"author":[{"embeddable":true,"href":"https:\/\/bengalmeat.com\/content\/wp-json\/wp\/v2\/users\/1"}],"replies":[{"embeddable":true,"href":"https:\/\/bengalmeat.com\/content\/wp-json\/wp\/v2\/comments?post=101306"}],"version-history":[{"count":1,"href":"https:\/\/bengalmeat.com\/content\/wp-json\/wp\/v2\/pages\/101306\/revisions"}],"predecessor-version":[{"id":101307,"href":"https:\/\/bengalmeat.com\/content\/wp-json\/wp\/v2\/pages\/101306\/revisions\/101307"}],"wp:attachment":[{"href":"https:\/\/bengalmeat.com\/content\/wp-json\/wp\/v2\/media?parent=101306"}],"curies":[{"name":"wp","href":"https:\/\/api.w.org\/{rel}","templated":true}]}}