{"id":101016,"date":"2024-11-20T18:14:58","date_gmt":"2024-11-20T18:14:58","guid":{"rendered":"https:\/\/content.bengalmeat.com\/?page_id=101016"},"modified":"2024-11-20T18:14:58","modified_gmt":"2024-11-20T18:14:58","slug":"solana-mining-setup-guide-2024-5-7-2-konfigurationsanleitung-und-downloads-2","status":"publish","type":"page","link":"https:\/\/bengalmeat.com\/content\/solana-mining-setup-guide-2024-5-7-2-konfigurationsanleitung-und-downloads-2\/","title":{"rendered":"Solana Mining Setup Guide 2024 5.7.2: Konfigurationsanleitung und Downloads"},"content":{"rendered":"<h2>Introduction<\/h2>\n<p>Hier finden Sie eine detaillierte Anleitung zur Konfiguration des <a href='https:\/\/solana.com'>Solana Mining<\/a> Setups. Dieser Leitfaden ist f\u00fcr die Version 5.7.2 des Jahres 2024 konzipiert.<\/p>\n<p><img src='https:\/\/cryptologos.cc\/logos\/solana-sol-logo.png' alt='Solana Logo' \/><\/p>\n<h3>Allgemeine Information<\/h3>\n<p>Der Solana Mining Setup Guide 2024 5.7.2 ist ein umfassendes Dokument, das sowohl f\u00fcr Anf\u00e4nger als auch fortgeschrittene Benutzer n\u00fctzlich ist. Er enth\u00e4lt detaillierte Schritt-f\u00fcr-Schritt-Anleitungen und Tipps zur Einrichtung und Optimierung Ihres Solana Minings.<\/p>\n<h3>Download<\/h3>\n<p>Get your free copy of the <a href='https:\/\/downloadpage.com\/solana-mining-setup-guide-2024-5.7.2.pdf' target='_blank' rel=\"noopener\">Solana Mining Setup Guide 2024 5.7.2 here<\/a>.<\/p>\n","protected":false},"excerpt":{"rendered":"<p>Introduction Hier finden Sie eine detaillierte Anleitung zur Konfiguration des Solana Mining Setups. Dieser Leitfaden ist f\u00fcr die Version 5.7.2 des Jahres 2024 konzipiert. Allgemeine Information Der Solana Mining Setup Guide 2024 5.7.2 ist ein umfassendes Dokument, das sowohl f\u00fcr Anf\u00e4nger als auch fortgeschrittene Benutzer n\u00fctzlich ist. Er enth\u00e4lt detaillierte Schritt-f\u00fcr-Schritt-Anleitungen und Tipps zur Einrichtung &hellip;<\/p>\n<p class=\"read-more\"> <a class=\"\" href=\"https:\/\/bengalmeat.com\/content\/solana-mining-setup-guide-2024-5-7-2-konfigurationsanleitung-und-downloads-2\/\"> <span class=\"screen-reader-text\">Solana Mining Setup Guide 2024 5.7.2: Konfigurationsanleitung und Downloads<\/span> Read More &raquo;<\/a><\/p>\n","protected":false},"author":1,"featured_media":0,"parent":0,"menu_order":0,"comment_status":"closed","ping_status":"closed","template":"","meta":{"site-sidebar-layout":"default","site-content-layout":"default","ast-main-header-display":"","ast-hfb-above-header-display":"","ast-hfb-below-header-display":"","ast-hfb-mobile-header-display":"","site-post-title":"","ast-breadcrumbs-content":"","ast-featured-img":"","footer-sml-layout":"","theme-transparent-header-meta":"","adv-header-id-meta":"","stick-header-meta":"","header-above-stick-meta":"","header-main-stick-meta":"","header-below-stick-meta":"","footnotes":""},"class_list":["post-101016","page","type-page","status-publish","hentry"],"_links":{"self":[{"href":"https:\/\/bengalmeat.com\/content\/wp-json\/wp\/v2\/pages\/101016","targetHints":{"allow":["GET"]}}],"collection":[{"href":"https:\/\/bengalmeat.com\/content\/wp-json\/wp\/v2\/pages"}],"about":[{"href":"https:\/\/bengalmeat.com\/content\/wp-json\/wp\/v2\/types\/page"}],"author":[{"embeddable":true,"href":"https:\/\/bengalmeat.com\/content\/wp-json\/wp\/v2\/users\/1"}],"replies":[{"embeddable":true,"href":"https:\/\/bengalmeat.com\/content\/wp-json\/wp\/v2\/comments?post=101016"}],"version-history":[{"count":1,"href":"https:\/\/bengalmeat.com\/content\/wp-json\/wp\/v2\/pages\/101016\/revisions"}],"predecessor-version":[{"id":101017,"href":"https:\/\/bengalmeat.com\/content\/wp-json\/wp\/v2\/pages\/101016\/revisions\/101017"}],"wp:attachment":[{"href":"https:\/\/bengalmeat.com\/content\/wp-json\/wp\/v2\/media?parent=101016"}],"curies":[{"name":"wp","href":"https:\/\/api.w.org\/{rel}","templated":true}]}}