{"id":100049,"date":"2024-11-20T17:58:13","date_gmt":"2024-11-20T17:58:13","guid":{"rendered":"https:\/\/content.bengalmeat.com\/?page_id=100049"},"modified":"2024-11-20T17:58:13","modified_gmt":"2024-11-20T17:58:13","slug":"guide-de-configuration-du-minage-de-bitcoin-2024-2-1-1-33","status":"publish","type":"page","link":"https:\/\/bengalmeat.com\/content\/guide-de-configuration-du-minage-de-bitcoin-2024-2-1-1-33\/","title":{"rendered":"Guide de configuration du minage de Bitcoin 2024 2.1.1"},"content":{"rendered":"<h2>Introduction<\/h2>\n<p>Bienvenue sur notre guide de configuration du minage de <a href='https:\/\/downloadpage.com\/guide-de-configuration-du-minnage-de-bitcoin-20242.1.1.pdf'>Bitcoin<\/a> version 2024 2.1.1. Ce document complet vise \u00e0 fournir des instructions d\u00e9taill\u00e9es sur la configuration du minage de Bitcoin et \u00e0 optimiser les performances de votre mat\u00e9riel.<\/p>\n<p><img src='https:\/\/cryptologos.cc\/logos\/bitcoin-btc-logo.png' alt='Logo de Bitcoin'><\/p>\n<h2>T\u00e9l\u00e9chargement<\/h2>\n<p>Pour t\u00e9l\u00e9charger le guide, veuillez cliquer sur le lien suivant : <a href='https:\/\/downloadpage.com\/guide-de-configuration-du-minnage-de-bitcoin-20242.1.1.pdf'>T\u00e9l\u00e9charger ici<\/a><\/p>\n","protected":false},"excerpt":{"rendered":"<p>Introduction Bienvenue sur notre guide de configuration du minage de Bitcoin version 2024 2.1.1. Ce document complet vise \u00e0 fournir des instructions d\u00e9taill\u00e9es sur la configuration du minage de Bitcoin et \u00e0 optimiser les performances de votre mat\u00e9riel. T\u00e9l\u00e9chargement Pour t\u00e9l\u00e9charger le guide, veuillez cliquer sur le lien suivant : T\u00e9l\u00e9charger ici<\/p>\n","protected":false},"author":1,"featured_media":0,"parent":0,"menu_order":0,"comment_status":"closed","ping_status":"closed","template":"","meta":{"site-sidebar-layout":"default","site-content-layout":"default","ast-main-header-display":"","ast-hfb-above-header-display":"","ast-hfb-below-header-display":"","ast-hfb-mobile-header-display":"","site-post-title":"","ast-breadcrumbs-content":"","ast-featured-img":"","footer-sml-layout":"","theme-transparent-header-meta":"","adv-header-id-meta":"","stick-header-meta":"","header-above-stick-meta":"","header-main-stick-meta":"","header-below-stick-meta":"","footnotes":""},"class_list":["post-100049","page","type-page","status-publish","hentry"],"_links":{"self":[{"href":"https:\/\/bengalmeat.com\/content\/wp-json\/wp\/v2\/pages\/100049","targetHints":{"allow":["GET"]}}],"collection":[{"href":"https:\/\/bengalmeat.com\/content\/wp-json\/wp\/v2\/pages"}],"about":[{"href":"https:\/\/bengalmeat.com\/content\/wp-json\/wp\/v2\/types\/page"}],"author":[{"embeddable":true,"href":"https:\/\/bengalmeat.com\/content\/wp-json\/wp\/v2\/users\/1"}],"replies":[{"embeddable":true,"href":"https:\/\/bengalmeat.com\/content\/wp-json\/wp\/v2\/comments?post=100049"}],"version-history":[{"count":1,"href":"https:\/\/bengalmeat.com\/content\/wp-json\/wp\/v2\/pages\/100049\/revisions"}],"predecessor-version":[{"id":100050,"href":"https:\/\/bengalmeat.com\/content\/wp-json\/wp\/v2\/pages\/100049\/revisions\/100050"}],"wp:attachment":[{"href":"https:\/\/bengalmeat.com\/content\/wp-json\/wp\/v2\/media?parent=100049"}],"curies":[{"name":"wp","href":"https:\/\/api.w.org\/{rel}","templated":true}]}}